{"id":2416,"date":"2025-02-04T13:05:09","date_gmt":"2025-02-04T13:05:09","guid":{"rendered":"https:\/\/hepu.kuhes.ac.mw\/?page_id=2416"},"modified":"2025-02-04T13:20:58","modified_gmt":"2025-02-04T13:20:58","slug":"isabel-kazanga-chiumia","status":"publish","type":"page","link":"https:\/\/hepu.kuhes.ac.mw\/index.php\/isabel-kazanga-chiumia\/","title":{"rendered":"Isabel Kazanga Chiumia"},"content":{"rendered":"\t\t<div data-elementor-type=\"wp-page\" data-elementor-id=\"2416\" class=\"elementor elementor-2416\">\n\t\t\t\t\t\t<section class=\"elementor-section elementor-top-section elementor-element elementor-element-673c767 elementor-section-full_width elementor-section-content-middle elementor-section-stretched elementor-section-height-default elementor-section-height-default\" data-id=\"673c767\" data-element_type=\"section\" data-settings=\"{&quot;stretch_section&quot;:&quot;section-stretched&quot;}\">\n\t\t\t\t\t\t<div class=\"elementor-container elementor-column-gap-default\">\n\t\t\t\t\t<div class=\"elementor-column elementor-col-100 elementor-top-column elementor-element elementor-element-086126d\" data-id=\"086126d\" data-element_type=\"column\">\n\t\t\t<div class=\"elementor-widget-wrap elementor-element-populated\">\n\t\t\t\t\t\t<div class=\"elementor-element elementor-element-d88e4cd elementor-absolute elementor-widget elementor-widget-image\" data-id=\"d88e4cd\" data-element_type=\"widget\" data-settings=\"{&quot;_position&quot;:&quot;absolute&quot;}\" data-widget_type=\"image.default\">\n\t\t\t\t<div class=\"elementor-widget-container\">\n\t\t\t\t\t\t\t\t\t\t\t\t\t<img decoding=\"async\" src=\"https:\/\/hepu.kuhes.ac.mw\/wp-content\/uploads\/elementor\/thumbs\/hepu_header_image-qi57z4li4y0s0mbizqhifpdijt2e8toknwvuk3scmg.png\" title=\"hepu_header_image\" alt=\"hepu\" loading=\"lazy\" \/>\t\t\t\t\t\t\t\t\t\t\t\t\t<\/div>\n\t\t\t\t<\/div>\n\t\t\t\t<div class=\"elementor-element elementor-element-17733cb elementor-absolute elementor-widget elementor-widget-heading\" data-id=\"17733cb\" data-element_type=\"widget\" data-settings=\"{&quot;_position&quot;:&quot;absolute&quot;}\" data-widget_type=\"heading.default\">\n\t\t\t\t<div class=\"elementor-widget-container\">\n\t\t\t<h3 class=\"elementor-heading-title elementor-size-default\"><br>\nDr. Isabel Kazanga Chiumia<\/h3>\t\t<\/div>\n\t\t\t\t<\/div>\n\t\t\t\t\t<\/div>\n\t\t<\/div>\n\t\t\t\t\t<\/div>\n\t\t<\/section>\n\t\t\t\t<section class=\"elementor-section elementor-top-section elementor-element elementor-element-c6f05dd elementor-section-content-top elementor-section-stretched elementor-section-boxed elementor-section-height-default elementor-section-height-default\" data-id=\"c6f05dd\" data-element_type=\"section\" data-settings=\"{&quot;stretch_section&quot;:&quot;section-stretched&quot;,&quot;background_background&quot;:&quot;classic&quot;}\">\n\t\t\t\t\t\t<div class=\"elementor-container elementor-column-gap-default\">\n\t\t\t\t\t<div class=\"elementor-column elementor-col-50 elementor-top-column elementor-element elementor-element-f65b9c7\" data-id=\"f65b9c7\" data-element_type=\"column\">\n\t\t\t<div class=\"elementor-widget-wrap elementor-element-populated\">\n\t\t\t\t\t\t<div class=\"elementor-element elementor-element-3161cf2 elementor-widget elementor-widget-image\" data-id=\"3161cf2\" data-element_type=\"widget\" data-widget_type=\"image.default\">\n\t\t\t\t<div class=\"elementor-widget-container\">\n\t\t\t\t\t\t\t\t\t\t\t\t\t<img fetchpriority=\"high\" decoding=\"async\" width=\"585\" height=\"513\" src=\"https:\/\/hepu.kuhes.ac.mw\/wp-content\/uploads\/2025\/01\/Isabel3-1.jpg\" class=\"attachment-large size-large wp-image-2397\" alt=\"Dr Isabel Kazanga Chiumia\" srcset=\"https:\/\/hepu.kuhes.ac.mw\/wp-content\/uploads\/2025\/01\/Isabel3-1.jpg 585w, https:\/\/hepu.kuhes.ac.mw\/wp-content\/uploads\/2025\/01\/Isabel3-1-300x263.jpg 300w\" sizes=\"(max-width: 585px) 100vw, 585px\" \/>\t\t\t\t\t\t\t\t\t\t\t\t\t<\/div>\n\t\t\t\t<\/div>\n\t\t\t\t<div class=\"elementor-element elementor-element-78a7099 elementor-widget elementor-widget-text-editor\" data-id=\"78a7099\" data-element_type=\"widget\" data-widget_type=\"text-editor.default\">\n\t\t\t\t<div class=\"elementor-widget-container\">\n\t\t\t\t\t\t\t<div style=\"padding-top: 10px; letter-spacing: 10px;\" align=\"center\"><a href=\"mailto:ikazanga@kuhes.ac.mw\" target=\"_blank\" rel=\"noopener\"><img decoding=\"async\" style=\"width: 30px;\" src=\"https:\/\/hepu.kuhes.ac.mw\/wp-content\/uploads\/2023\/12\/gmail_.png\" \/><\/a><a href=\"https:\/\/mw.linkedin.com\/in\/dr-isabel-kazanga-chiumia-2b027a3a\" target=\"_blank\" rel=\"noopener\"> <img decoding=\"async\" style=\"width: 30px;\" src=\"https:\/\/hepu.kuhes.ac.mw\/wp-content\/uploads\/2023\/12\/linked-in.png\" \/> <\/a><a href=\"https:\/\/orcid.org\/0000-0002-1459-2620\" target=\"_blank\" rel=\"noopener\"><img decoding=\"async\" style=\"width: 30px;\" src=\"https:\/\/hepu.kuhes.ac.mw\/wp-content\/uploads\/2023\/12\/orcid-1.png\" \/><\/a><\/div>\t\t\t\t\t\t<\/div>\n\t\t\t\t<\/div>\n\t\t\t\t\t<\/div>\n\t\t<\/div>\n\t\t\t\t<div class=\"elementor-column elementor-col-50 elementor-top-column elementor-element elementor-element-ad6f8e2\" data-id=\"ad6f8e2\" data-element_type=\"column\" data-settings=\"{&quot;background_background&quot;:&quot;classic&quot;}\">\n\t\t\t<div class=\"elementor-widget-wrap elementor-element-populated\">\n\t\t\t\t\t\t<div class=\"elementor-element elementor-element-66ec631 elementor-widget__width-initial elementor-tabs-view-horizontal elementor-widget elementor-widget-tabs\" data-id=\"66ec631\" data-element_type=\"widget\" data-widget_type=\"tabs.default\">\n\t\t\t\t<div class=\"elementor-widget-container\">\n\t\t\t\t\t<div class=\"elementor-tabs\">\n\t\t\t<div class=\"elementor-tabs-wrapper\" role=\"tablist\" >\n\t\t\t\t\t\t\t\t\t<div id=\"elementor-tab-title-1071\" class=\"elementor-tab-title elementor-tab-desktop-title\" aria-selected=\"true\" data-tab=\"1\" role=\"tab\" tabindex=\"0\" aria-controls=\"elementor-tab-content-1071\" aria-expanded=\"false\">Profile<\/div>\n\t\t\t\t\t\t\t\t\t<div id=\"elementor-tab-title-1072\" class=\"elementor-tab-title elementor-tab-desktop-title\" aria-selected=\"false\" data-tab=\"2\" role=\"tab\" tabindex=\"-1\" aria-controls=\"elementor-tab-content-1072\" aria-expanded=\"false\">Publications<\/div>\n\t\t\t\t\t\t\t\t\t<div id=\"elementor-tab-title-1073\" class=\"elementor-tab-title elementor-tab-desktop-title\" aria-selected=\"false\" data-tab=\"3\" role=\"tab\" tabindex=\"-1\" aria-controls=\"elementor-tab-content-1073\" aria-expanded=\"false\">Research Activities<\/div>\n\t\t\t\t\t\t\t\t\t<div id=\"elementor-tab-title-1074\" class=\"elementor-tab-title elementor-tab-desktop-title\" aria-selected=\"false\" data-tab=\"4\" role=\"tab\" tabindex=\"-1\" aria-controls=\"elementor-tab-content-1074\" aria-expanded=\"false\">Achievements<\/div>\n\t\t\t\t\t\t\t<\/div>\n\t\t\t<div class=\"elementor-tabs-content-wrapper\" role=\"tablist\" aria-orientation=\"vertical\">\n\t\t\t\t\t\t\t\t\t<div class=\"elementor-tab-title elementor-tab-mobile-title\" aria-selected=\"true\" data-tab=\"1\" role=\"tab\" tabindex=\"0\" aria-controls=\"elementor-tab-content-1071\" aria-expanded=\"false\">Profile<\/div>\n\t\t\t\t\t<div id=\"elementor-tab-content-1071\" class=\"elementor-tab-content elementor-clearfix\" data-tab=\"1\" role=\"tabpanel\" aria-labelledby=\"elementor-tab-title-1071\" tabindex=\"0\" hidden=\"false\"><p>Isabel Kazanga Chiumia is a health systems researcher and senior research fellow at the Health Economics and Policy Unit (HEPU). She also serves as a senior lecturer in the Department of Health Systems and Policy at the School of Global and Public Health, Kamuzu College of Health Sciences (KUHeS). Dr Chiumia holds a PhD in global health from Trinity College Dublin and a joint master\u2019s degree in health systems from the University of Verona, University of Deusto, Corvinus University of Budapest, and Vilnius University. Her educational background also includes a BSc in Nursing and a certificate in Midwifery from the University of Malawi.<\/p><p>Dr. Chiumia has extensive experience in teaching, research, and consulting in health systems and policy, public health, health workforce, quality management, RMNCH and project management. She has contributed to health workforce strategic planning and policy changes in Malawi, Zambia, Uganda, Kenya and the Africa Region. She has previously served as the deputy dean of students at KUHeS and was a board member of the Nurses and Midwives Council of Malawi. Additionally, she is a member of national and global health workforce groups and serves on the editorial boards of Health Policy Open and Public Health Challenges of Wiley. Dr. Chiumia has completed numerous assignments for organizations such as WHO, World Bank, Global Fund, African Union, UNICEF, USAID, Euro Health Group, and others.<\/p><\/div>\n\t\t\t\t\t\t\t\t\t<div class=\"elementor-tab-title elementor-tab-mobile-title\" aria-selected=\"false\" data-tab=\"2\" role=\"tab\" tabindex=\"-1\" aria-controls=\"elementor-tab-content-1072\" aria-expanded=\"false\">Publications<\/div>\n\t\t\t\t\t<div id=\"elementor-tab-content-1072\" class=\"elementor-tab-content elementor-clearfix\" data-tab=\"2\" role=\"tabpanel\" aria-labelledby=\"elementor-tab-title-1072\" tabindex=\"0\" hidden=\"hidden\"><ol><li>Mwenebanda, , Machado, A., Patel, A.I., Nyondo-Mipando, L., <strong>Kazanga-Chiumia, I<em>. <\/em><\/strong>Factors influencing antenatal care attendance in the eight contact era policy: a case of selected maternal health service facilities in Blantyre, Malawi. <em>BMC Pregnancy Childbirth <\/em><strong>24<\/strong>, 704 (2024). <a href=\"https:\/\/doi.org\/10.1186\/s12884-024-06895-0\">https:\/\/doi.org\/10.1186\/s12884-024-06895-0<\/a><\/li><li>Nyawela Nyibil, Gideon Kikuvi, <strong>Isabel Kazanga Chiumia<\/strong>, <a href=\"https:\/\/www.scirp.org\/journal\/paperinformation?paperid=132294\">Socio-Demographic and Economic Factors Associated with Uptake of COVID-19 Vaccine among Pregnant Women<\/a> <a href=\"https:\/\/www.scirp.org\/journal\/paperinformation?paperid=132294\">at Pumwani Maternity Hospital in Nairobi County, Kenya (scirp.org)<\/a>. Open Journal of Epidemiology, 14, 221-237. https:\/\/doi.org\/10.4236\/ojepi.2024.142015<\/li><li>Sakala, , Chawani, M.S., <strong>Kazanga-Chiumia<\/strong>, I. <em>et al. <\/em>Functionality of technical working groups in enabling evidence-informed decision-making within Malawi&#8217;s Ministry of Health: a cross-sectional qualitative study. <em>Health Res Policy Sys <\/em>21, 44 (2023). <a href=\"https:\/\/doi.org\/10.1186\/s12961-023-00987-7\">https:\/\/doi.org\/10.1186\/s12961-023-00987-7<\/a><\/li><li>Mauluka, , Stones, W., <strong>Chiumia, I.K<\/strong>. <em>et al. <\/em>Exploring a framework for demandable services from antenatal to postnatal care: a deep-dive dialogue with mothers, health workers and psychologists. <em>BMC Pregnancy Childbirth <\/em>23, 390 (2023). <a href=\"https:\/\/doi.org\/10.1186\/s12884-023-05722-2\">https:\/\/doi.org\/10.1186\/s12884-023-05722-2<\/a><\/li><li>Mendulo, , <strong>Chiumia, I.K<\/strong>. The state of cervical cancer screening in imprisoned women in Malawi: a case of Maula Prison. <em>BMC Women&#8217;s Health <\/em>23, 198 (2023). <a href=\"https:\/\/doi.org\/10.1186\/s12905-023-02349-5\">https:\/\/doi.org\/10.1186\/s12905-023-02349-5<\/a><\/li><li>Banda, , Nkungula, N., <strong>Chiumia, I.K<\/strong>. <em>et al. <\/em>Tools for measuring client experiences and satisfaction with healthcare in low- and middle-income countries: a systematic review of measurement properties. <em>BMC Health Serv Res <\/em><strong>23<\/strong>, 133 (2023). <a href=\"https:\/\/doi.org\/10.1186\/s12913-023-09129-9\">https:\/\/doi.org\/10.1186\/s12913-023-09129-9<\/a><\/li><li>Joseph Mfutso-Bengo, Nthanda Nkungula, Emmanuel Mnjowe, Wingston Ng&#8217;ambi, Faless Jeremiah, Florence Kasende- Chinguwo, Fanuel Meckson Bickton, Dominic Nkhoma, Jobiba Chinkhumba, Sebastian Mboma, Lucky Ngwira, Mercy Juma, <strong>Isabel Kazanga-Chiumia<\/strong>, Pakwanja Twea, Gerald Manthalu,Proposing the \u201cValue- and Evidence-Based decision making and Practice\u201d (VEDMAP) framework for Priority-Setting and knowledge translation in low and Middle-Income Countries: A novel framework for Decision-Making in Low-and middle income countries like Malawi,Health Policy OPEN, Volume 4, 2023, 100094,ISSN 2590-2296, <a href=\"https:\/\/doi.org\/10.1016\/j.hpopen.2023.100094\">https:\/\/doi.org\/10.1016\/j.hpopen.2023.100094.<\/a><\/li><li>Joseph Mfutso-Bengo, Faless Jeremiah , Florence Kasende-Chinguwo , Wingston Ng\u2019ambi, Nthanda Nkungula , <strong>Isabel Kazanga-Chiumia<\/strong>. <em>et al. <\/em>A qualitative study on the feasibility and acceptability of institutionalizing health technology assessment in <em>BMC Health Serv Res<\/em>, 353 (2023). <a href=\"https:\/\/doi.org\/10.1186\/s12913-023-09276-z\">https:\/\/doi.org\/10.1186\/s12913-023-09276-z<\/a><\/li><li>Kangwerema, A, Miggo, M, Harawa, G, Kazanga-Chiumia I et al. Tackling noncommunicable diseases in Africa through football: The case of <em>Public Health Chall<\/em>. 2023; 2:e64. <a href=\"https:\/\/doi.org\/10.1002\/puh2.64\">https:\/\/doi.org\/10.1002\/puh2.64<\/a><\/li><li>Daniel Chiumia, Pilirani Chisembe, Chimango Mlowoka, Samson Mwalungila, <strong>Isabel Kazanga Chiumia<\/strong>, Francis Harold Kasangu, (2023) Farmers\u2019 perception on the potential impact of Coronavirus disease on their livelihood in Malawi, Scientific African, Volume 20, 2023, ISSN 2468-2276. <a href=\"https:\/\/doi.org\/10.1016\/j.sciaf.2023.e01686\">https:\/\/doi.org\/10.1016\/j.sciaf.2023.e01686<\/a><\/li><\/ol><ol start=\"11\"><li>Chikaphupha R, O&#8217;Byrne., T, Nyondo-Mipando, L., <strong>Kazanga-Chiumia<\/strong>, I., Finn, M., and Valli\u00e8res F. (2022), Systems Thinking in the Context of Decentralisation and Human Resources for Health: Lessons from Malawi (Book Chapter). <a href=\"https:\/\/global.oup.com\/academic\/product\/systems-thinking-for-global-health-9780198799498?cc=us&amp;lang=en\">Systems Thinking for Global Health &#8211; Fr\u00e9d\u00e9rique Valli\u00e8res; Hasheem Mannan; Naonori Kodate; Fiona Larkan &#8211;<\/a> <a href=\"https:\/\/global.oup.com\/academic\/product\/systems-thinking-for-global-health-9780198799498?cc=us&amp;lang=en\">Oxford University Press (oup.com)<\/a><\/li><li>Ahmat A, Okoroafor SC, <strong>Kazanga I<\/strong><em>, et al .(2022). <\/em>The health workforce status in the WHO African Region: findings of a cross-sectional <em>BMJ GlobalHealth <\/em>2022;<strong>7:<\/strong>e008317. <u>DOI: 10.1136\/bmjgh-2021-008317<\/u><\/li><li><strong>Kazanga Chiumia I<\/strong>, Mosiwa BA, Nkhonjera J, et Emerging public health challenges during the COVID-19 pandemic in Malawi: A review. Public Health Chall. 2022;1:e40. <a href=\"https:\/\/doi.org\/10.1002\/puh2.40\">https:\/\/doi.org\/10.1002\/puh2.40<\/a><\/li><li>Ramponi F, Twea P, Chilima B, Nkhoma D, <strong>Kazanga Chiumia I<\/strong>, Manthalu G, Mfutso-Bengo J, Revill P, Drummond M, Sculpher Assessing the potential of HTA to inform resource allocation decisions in low-income settings: The case of Malawi. Front Public Health. 2022 Oct 28;10:1010702. <u>doi:10.3389\/fpubh.2022.1010702<\/u>. PMID: 36388387; PMCID: PMC9650047.<\/li><li><a href=\"https:\/\/onlinelibrary.wiley.com\/action\/doSearch?ContribAuthorRaw=Kazanga-Chiumia%2C%2BIsabel\"><strong>Kazanga-Chiumia,<\/strong><\/a> <strong>, <\/strong><a href=\"https:\/\/onlinelibrary.wiley.com\/action\/doSearch?ContribAuthorRaw=Nayupe%2C%2BSymon%2BFidelis\">S., Nayupe,<\/a> <a href=\"https:\/\/onlinelibrary.wiley.com\/action\/doSearch?ContribAuthorRaw=Kazanga%2C%2BBetty\">Kazanga,<\/a> B., <a href=\"https:\/\/onlinelibrary.wiley.com\/action\/doSearch?ContribAuthorRaw=Munharo%2C%2BSteven\">Munharo,<\/a> S., <a href=\"https:\/\/onlinelibrary.wiley.com\/action\/doSearch?ContribAuthorRaw=Patel%2C%2BParth\">Patel,<\/a> P., <a href=\"https:\/\/onlinelibrary.wiley.com\/action\/doSearch?ContribAuthorRaw=Jassi%2C%2BPhatisan%2BBango\">Jassi,<\/a> P.B., <a href=\"https:\/\/onlinelibrary.wiley.com\/action\/doSearch?ContribAuthorRaw=Phuka%2C%2BJohn\">Phuka,<\/a> J., (2022). Malawi polio outbreak: What next? <em>Public Health Chall <\/em><a href=\"https:\/\/doi.org\/10.1002\/puh2.19\">https:\/\/doi.org\/10.1002\/puh2.19<\/a><\/li><li>Mauluka C, <strong>Chiumia IK<\/strong>, Maliwichi L, Stones W. Assessing the Impact of Client Knowledge and Demand on Service Provision from Antenatal to Postnatal Care &#8211; An Implementation Science Design. Research Square; 2022. <u>DOI: 10.21203\/rs.3.rs-1724403\/v1.<\/u><\/li><li>Lucero-Prisno, DE, Kouwenhoven, MBN, Adebisi, YA, Miranda, AV, Dawa Gyeltshen, D, Suleman, MH, <strong>Kazanga Chiumia, <\/strong>I, et Top ten public health challenges to track in 2022. <em>Public Health Chall<\/em>. 2022; 1:e21. <a href=\"https:\/\/doi.org\/10.1002\/puh2.21\">https:\/\/doi.org\/10.1002\/puh2.21<\/a><\/li><li>Mauluka, , Stones, W., <strong>Kazanga Chiumia, I<\/strong>., Maliwichi, L., &amp; Damte, T. (2022). A Community Intervention Package of Demandable Services for Improving Care Practices in Antenatal, Labour and Post-Natal Care. <em>The Journal of Development Communication<\/em>, <em>33<\/em>(1), 32-44 <u>https:\/\/jdc.journals.unisel.edu.my\/index.php\/jdc\/article\/view\/226<\/u><\/li><li>Saheed Akinmayowa Lawal, Isaac Adedeji Medical, Ago-Iwoye, Isabel Kazanga Chiumia et al, (2022). Putting an end to this virus: Practical and ethical issues inAfrica, EJAIBVol. 32 (4) July 2022 <a href=\"http:\/\/www.eubios.info\/\">www.eubios.info<\/a> ISSN 1173-2571,ISSN 2350-3106 <u>https:\/\/www.eubios.info\/EJAIB72022.pdf<\/u><\/li><li>Mphande-Namangale, , <strong>Kazanga-Chiumia, I<\/strong>. (2021). Informal payments in public hospitals in Malawi: the case of Kamuzu Central Hospital. <em>glob health res policy <\/em><strong>6, <\/strong>41. <a href=\"https:\/\/doi.org\/10.1186\/s41256-021-00225-z\">https:\/\/doi.org\/10.1186\/s41256-021-00225-z<\/a><\/li><li>Mzumara, , Chawani, M., Sakala,M., Mwandira, L., Phiri,E., Milanzi, E., Phiri, M., <strong>Kazanga, I., <\/strong>O\u2019Byrne,T., Zulu, E., Mitambo, C., Divala, T., Squire, B., Tam, P., )2021), The health policy response to COVID-19 in Malawi. BMJ Global Health 2021;6:e006035. <u>https:\/\/doi: <\/u><a href=\"https:\/\/doi.org\/10.1136\/bmjgh-2021-006035\">10.1136\/bmjgh-2021-006035<\/a><\/li><\/ol><ol start=\"22\"><li>Ninsiima, R., <strong>Chiumia, I.K<\/strong>. &amp; Ndejjo, R. (2021) Factors influencing access to and utilisation of youth-friendly sexual and reproductive health services in sub-Saharan Africa: a systematic review. <em>Reprod Health <\/em><strong>18, <\/strong>135. <a href=\"https:\/\/doi.org\/10.1186\/s12978-021-01183-y\">https:\/\/doi.org\/10.1186\/s12978-021-01183-y<\/a><\/li><li>Munthali, , <strong>Chiumia, I.K., <\/strong>Mandiwa, C. <em>et al. <\/em>(2021) Knowledge and perceptions of preconception care among health workers and women of reproductive age in Mzuzu City, Malawi: a cross-sectional study. <em>Reprod Health <\/em><strong>18, <\/strong>229. <a href=\"https:\/\/doi.org\/10.1186\/s12978-021-01282-w\">https:\/\/doi.org\/10.1186\/s12978-021-01282-w<\/a><\/li><li>Ng\u2019ambi1, , <strong>Kazanga Chiumia, I <\/strong>, Chagoma, N., Mfutso-Bengo, J (2020). Factors Associated with Uptake of HIV Testing in Malawi: A Trend Analysis of the Malawi Demographic and Health Survey Data from 2004 to 2016. J HIV AIDS Res 2020; 2(1): 101<u>https:\/\/www.iomcworld.org\/articles\/factors-associated-with-uptake-of-hiv-testing-in-malawi-a-trend-analysis-of-the-malawi-demographic-and-health-survey-dat.pdf<\/u><\/li><li><strong>Kazanga, , <\/strong>Munthali, A. C., McVeigh, J., Mannan, H., &amp; MacLachlan, M. (2019). Predictors of Utilisation of Skilled Maternal Healthcare in Lilongwe District, Malawi <em>International Journal of Health Policy and Management, 8(12), 700-710 <\/em><a href=\"https:\/\/doi.org\/10.15171\/ijhpm.2019.67\">https:\/\/doi.org\/10.15171\/ijhpm.2019.67<\/a><\/li><li><strong>Kazanga I<\/strong>. Adolescent and youth health in Africa: highlights some of the key health issues affecting adolescents and youth in Africa and strategies to address Africa Health Journal. 2019; <a href=\"https:\/\/africa-health.com\/wp-content\/uploads\/2019\/05\/AH-2019-April-21-chiumia.pdf\">https:\/\/africa-health.com\/wp-content\/uploads\/2019\/05\/AH-2019-April-21-chiumia.pdf<\/a><\/li><li>Mfutso-Bengo J, Manda-Taylor L, Jumbe V, <strong>Kazanga I<\/strong>, Masiye In: ten Have H., Gordijn B. (eds). Handbook of Global Bioethics. 2014. Springer. <a href=\"https:\/\/doi.org\/10.1007\/978-94-007-2512-6_37\">https:\/\/doi.org\/10.1007\/978-94-007-2512-6_37<\/a><\/li><li>Chirwa M, Thomas S, <strong>Kazanga I<\/strong>, Faedo Promoting universal protection: contracting faith-based health facilities to expand access- Lessons learned from Malawi<em>. <\/em>Health Research Policy and Systems Journal. 2013;11(27) <a href=\"http:\/\/www.health-policy-systems.com\/content\/11\/1\/27\">http:\/\/www.health-policy-systems.com\/content\/11\/1\/27<\/a><\/li><li><strong>Kazanga I<\/strong>, Tameni S, Piccinotti A, Floris I, Zanchetti G, Polettini A. Prevalence of drug abuse among workers: Strengths and pitfalls of the recent Italian Workplace Drug Testing (WDT) legislation. Forensic Science International Journal. 2012 9;215(1-3):46-50 <a href=\"http:\/\/dx.doi.org\/10.1016\/j.forsciint.2011.03.009\">http:\/\/dx.doi.org\/10.1016\/j.forsciint.2011.03.009<\/a><\/li><li>Myness Kasanda Ndambo, Kristine B\u00e6r\u00f8e, Kamija Samuel Phiri, <strong>Isabel Kazanga Chiumia<\/strong>, Inger Lise Teig4, Bjarne Robberstad, Oddvar Martin Kaarb\u00f8e, Jobiba Chinkhumba, Thandile Nkosi- Gondwe, Tinashe Alinafe Tizifa, Elisabeth Mamani-Mategula, Lumbani Munthali, Lucinda Manda-Taylor, Conceptualising the Implementation of Post-discharge Malaria Chemoprevention in Malawi using a co-design approach, Malaria Journal <strong>(In press)<\/strong><\/li><\/ol><\/div>\n\t\t\t\t\t\t\t\t\t<div class=\"elementor-tab-title elementor-tab-mobile-title\" aria-selected=\"false\" data-tab=\"3\" role=\"tab\" tabindex=\"-1\" aria-controls=\"elementor-tab-content-1073\" aria-expanded=\"false\">Research Activities<\/div>\n\t\t\t\t\t<div id=\"elementor-tab-content-1073\" class=\"elementor-tab-content elementor-clearfix\" data-tab=\"3\" role=\"tabpanel\" aria-labelledby=\"elementor-tab-title-1073\" tabindex=\"0\" hidden=\"hidden\"><p>Dr Isabel Kazanga Chiumia is part of the evaluation team for the District Financing Facility (DFF) Evaluation in Malawi. DFF is an intervention designed to direct health funds to primary health providers, to enhance efficiency in the health sector. The Ministry of Health engaged the HEPU, KUHES to evaluate DFF effectiveness.<\/p><p>She is also currently a co-investigator for the Post-discharge Malaria Chemoprevention (PDMC) Implement Project which is being implemented collaboratively by the Training and Research Unit of Excellence (TRUE), University of Bergen, and Ministry of Health.\u00a0PDMC is newly recommended by World Health Organisation for malaria prevention in children with severe anaemia and is currently being piloted in Malawi<\/p><p>She has been engaged by the World Health Organization (WHO) to support African countries (Malawi, Zambia, and Uganda) in conducting health labor market analyses (HLMA) and population needs-based health workforce modeling. This work aims to quantify the need and supply of the health workforce to inform planning and policy.<\/p><p>Dr Kazanga Chiumia was also recently engaged by Snow Inc. and the Ministry of Health to conduct research aimed at identifying gaps in the implementation of Subcutaneous Depot Medroxyprogesterone Acetate (DMPA-SC) for scaling up in Malawi. DMPA-SC is an innovative family planning method (self-injection contraceptive) available to women in several countries, including Malawi.<\/p><\/div>\n\t\t\t\t\t\t\t\t\t<div class=\"elementor-tab-title elementor-tab-mobile-title\" aria-selected=\"false\" data-tab=\"4\" role=\"tab\" tabindex=\"-1\" aria-controls=\"elementor-tab-content-1074\" aria-expanded=\"false\">Achievements<\/div>\n\t\t\t\t\t<div id=\"elementor-tab-content-1074\" class=\"elementor-tab-content elementor-clearfix\" data-tab=\"4\" role=\"tabpanel\" aria-labelledby=\"elementor-tab-title-1074\" tabindex=\"0\" hidden=\"hidden\"><p>\u00a0<\/p><ol><li>Research Excellence Award by Kamuzu University of Health Sciences (2024)<\/li><li>Grant Scholarship Award to participate in the Africa Science Leadership program at the University of Pretoria, South Africa (2018)<\/li><li>Travel Grant Scholarship award to participate in the Emerging Voices for Global Health Training program and the Fourth Global Symposium on Health Systems Research in Vancouver, Canada (2016)<\/li><li>ARCADE Fellowship in Health Systems and Services Research (HSSR) for training in development of postdoctoral proposals and grant funding applications (2014)<\/li><li>Health Research Capacity Strengthening Initiative (HRCSI) PhD Bursary Award by the National Commission for Science and Technology (2013)<\/li><li>International Doctorate in Global Health Bursary Award by Irish Aid (2010-2014)<\/li><li>Women Deliver Global Conference full scholarship award held in Washington DC, USA (2010)<\/li><li>Erasmus Mundus Joint Masters Scholarship award by European Union Commission (2008- 2010)<\/li><li>DCF Travel Grant Award to attend the annual TIAFT meeting in Bonn, a joint meeting of the German speaking Society of Toxicological and Forensic Chemistry (2010)<\/li><li>Infection Prevention Programme Coordinator- Mchinji District Hospital won the National award for Infection Free Hospital (2008).<\/li><\/ol><\/div>\n\t\t\t\t\t\t\t<\/div>\n\t\t<\/div>\n\t\t\t\t<\/div>\n\t\t\t\t<\/div>\n\t\t\t\t\t<\/div>\n\t\t<\/div>\n\t\t\t\t\t<\/div>\n\t\t<\/section>\n\t\t\t\t<\/div>\n\t\t","protected":false},"excerpt":{"rendered":"<p>Dr. Isabel Kazanga Chiumia Profile Publications Research Activities Achievements Profile Isabel Kazanga Chiumia is a health systems researcher and senior research fellow at the Health Economics and Policy Unit (HEPU). She also serves as a senior lecturer in the Department of Health Systems and Policy at the School of Global and Public Health, Kamuzu College [&hellip;]<\/p>\n","protected":false},"author":3,"featured_media":0,"parent":0,"menu_order":0,"comment_status":"closed","ping_status":"closed","template":"","meta":{"pgc_sgb_lightbox_settings":"","footnotes":""},"class_list":["post-2416","page","type-page","status-publish","hentry"],"_links":{"self":[{"href":"https:\/\/hepu.kuhes.ac.mw\/index.php\/wp-json\/wp\/v2\/pages\/2416","targetHints":{"allow":["GET"]}}],"collection":[{"href":"https:\/\/hepu.kuhes.ac.mw\/index.php\/wp-json\/wp\/v2\/pages"}],"about":[{"href":"https:\/\/hepu.kuhes.ac.mw\/index.php\/wp-json\/wp\/v2\/types\/page"}],"author":[{"embeddable":true,"href":"https:\/\/hepu.kuhes.ac.mw\/index.php\/wp-json\/wp\/v2\/users\/3"}],"replies":[{"embeddable":true,"href":"https:\/\/hepu.kuhes.ac.mw\/index.php\/wp-json\/wp\/v2\/comments?post=2416"}],"version-history":[{"count":4,"href":"https:\/\/hepu.kuhes.ac.mw\/index.php\/wp-json\/wp\/v2\/pages\/2416\/revisions"}],"predecessor-version":[{"id":2425,"href":"https:\/\/hepu.kuhes.ac.mw\/index.php\/wp-json\/wp\/v2\/pages\/2416\/revisions\/2425"}],"wp:attachment":[{"href":"https:\/\/hepu.kuhes.ac.mw\/index.php\/wp-json\/wp\/v2\/media?parent=2416"}],"curies":[{"name":"wp","href":"https:\/\/api.w.org\/{rel}","templated":true}]}}